{"id":8865,"date":"2019-03-18T19:21:49","date_gmt":"2019-03-18T18:21:49","guid":{"rendered":"http:\/\/www.must-immo.com\/?page_id=8865"},"modified":"2019-04-06T10:20:53","modified_gmt":"2019-04-06T09:20:53","slug":"home-staging","status":"publish","type":"page","link":"https:\/\/must-immo.com\/es\/home-staging\/","title":{"rendered":"Home Staging"},"content":{"rendered":"<p class=\"qtranxs-available-languages-message qtranxs-available-languages-message-es\">Disculpa, pero esta entrada est\u00e1 disponible s\u00f3lo en <a href=\"https:\/\/must-immo.com\/fr\/wp-json\/wp\/v2\/pages\/8865\" class=\"qtranxs-available-language-link qtranxs-available-language-link-fr\" title=\"Fran\u00e7ais\">Fran\u00e7ais<\/a> y <a href=\"https:\/\/must-immo.com\/en\/wp-json\/wp\/v2\/pages\/8865\" class=\"qtranxs-available-language-link qtranxs-available-language-link-en\" title=\"English\">English<\/a>.<\/p><p><\/p>\n<h2 class=\"mt-2\">Donner de la valeur \u00e0 votre bien !<\/h2>\n<p>Nouveau \u2019\u2019Le Home Staging\u2019\u2019 fait ses premiers pas \u00e0 Tanger gr\u00e2ce \u00e0 l\u2019agence Patsy &amp; Moi, une excellente opportunit\u00e9 pour les promoteurs immobiliers, les particuliers et agents immobiliers pour optimiser les transactions, ventes ou locations de leurs biens.<\/p>\n<p>Une aide et outils marketing qui a fait ses preuves en Europe et aux \u00e9tats unis, et justement Patsy nous apporte son \u00e9l\u00e9gant savoir faire Londonien et Moi Tang\u00e9roise de c\u0153ur la chaleur de l\u2019Orient.<\/p>\n<p>Artistiquement votre, patsy@patsyandmoi.com<\/p>\n<p><div class=\"row no-gutters\"><div class=\"col-12 col-sm-6 col-md-4\"><img decoding=\"async\" src=\"https:\/\/must-immo.com\/wp-content\/uploads\/2019\/03\/home-staging8-223x300.jpeg\" class=\"w-100 img-thumbnail\" alt=\"Home Staging \u00e0 Tanger, Maroc !\" \/><\/div><div class=\"col-12 col-sm-6 col-md-4\"><img decoding=\"async\" src=\"https:\/\/must-immo.com\/wp-content\/uploads\/2019\/03\/home-staging7-300x210.jpeg\" class=\"w-100 img-thumbnail\" alt=\"Home Staging \u00e0 Tanger, Maroc !\" \/><\/div><div class=\"col-12 col-sm-6 col-md-4\"><img decoding=\"async\" src=\"https:\/\/must-immo.com\/wp-content\/uploads\/2019\/03\/home-staging9-300x210.jpeg\" class=\"w-100 img-thumbnail\" alt=\"Home Staging \u00e0 Tanger, Maroc !\" \/><\/div><\/div><\/p>","protected":false},"excerpt":{"rendered":"<p>Disculpa, pero esta entrada est\u00e1 disponible s\u00f3lo en Fran\u00e7ais y English. Donner de la valeur \u00e0 votre bien ! Nouveau \u2019\u2019Le Home Staging\u2019\u2019 fait ses premiers pas \u00e0 Tanger gr\u00e2ce \u00e0 l\u2019agence Patsy &amp; Moi, une excellente opportunit\u00e9 pour les promoteurs immobiliers, les particuliers et agents immobiliers pour optimiser les transactions, ventes ou locations de<a href=\"https:\/\/must-immo.com\/es\/home-staging\/\" class=\"btn btn-secondary d-inline-flex align-items-center\"><svg class=\"bi\" width=\"20\" height=\"20\"><use xlink:href=\"#chevron-right\"><\/use><\/svg><span>Leer m\u00e1s<\/span><\/a><\/p>\n","protected":false},"author":7,"featured_media":8890,"parent":0,"menu_order":0,"comment_status":"closed","ping_status":"closed","template":"page-templates\/page-home-staging.php","meta":{"footnotes":""},"class_list":["post-8865","page","type-page","status-publish","has-post-thumbnail","hentry"],"aioseo_notices":[],"_links":{"self":[{"href":"https:\/\/must-immo.com\/es\/wp-json\/wp\/v2\/pages\/8865"}],"collection":[{"href":"https:\/\/must-immo.com\/es\/wp-json\/wp\/v2\/pages"}],"about":[{"href":"https:\/\/must-immo.com\/es\/wp-json\/wp\/v2\/types\/page"}],"author":[{"embeddable":true,"href":"https:\/\/must-immo.com\/es\/wp-json\/wp\/v2\/users\/7"}],"replies":[{"embeddable":true,"href":"https:\/\/must-immo.com\/es\/wp-json\/wp\/v2\/comments?post=8865"}],"version-history":[{"count":27,"href":"https:\/\/must-immo.com\/es\/wp-json\/wp\/v2\/pages\/8865\/revisions"}],"predecessor-version":[{"id":8971,"href":"https:\/\/must-immo.com\/es\/wp-json\/wp\/v2\/pages\/8865\/revisions\/8971"}],"wp:featuredmedia":[{"embeddable":true,"href":"https:\/\/must-immo.com\/es\/wp-json\/wp\/v2\/media\/8890"}],"wp:attachment":[{"href":"https:\/\/must-immo.com\/es\/wp-json\/wp\/v2\/media?parent=8865"}],"curies":[{"name":"wp","href":"https:\/\/api.w.org\/{rel}","templated":true}]}}