{"id":441,"date":"2014-02-02T01:32:04","date_gmt":"2014-02-02T00:32:04","guid":{"rendered":"http:\/\/www.must-immo.com\/?page_id=441"},"modified":"2024-02-15T21:45:20","modified_gmt":"2024-02-15T20:45:20","slug":"conseil-en-investissement-dentreprise","status":"publish","type":"page","link":"https:\/\/must-immo.com\/es\/","title":{"rendered":"Conseil en investissement d&#8217;entreprise"},"content":{"rendered":"<p class=\"qtranxs-available-languages-message qtranxs-available-languages-message-es\">Disculpa, pero esta entrada est\u00e1 disponible s\u00f3lo en <a href=\"https:\/\/must-immo.com\/fr\/wp-json\/wp\/v2\/pages\/441\" class=\"qtranxs-available-language-link qtranxs-available-language-link-fr\" title=\"Fran\u00e7ais\">Fran\u00e7ais<\/a> y <a href=\"https:\/\/must-immo.com\/en\/wp-json\/wp\/v2\/pages\/441\" class=\"qtranxs-available-language-link qtranxs-available-language-link-en\" title=\"English\">English<\/a>.<\/p><p>Agence immobili\u00e8re bas\u00e9e \u00e0 Tanger et op\u00e9rant dans les autres villes du Maroc (Casablanca, Marrakech) et \u00e0 l&#8217;\u00e9tranger (France, Espagne), Must Immo se distingue par la qualit\u00e9 de service, la transparence et le grand soin apport\u00e9 \u00e0 toute transaction.<\/p>\n<p>Elle offre du conseil en investissement immobilier, des services d&#8217;agence immobili\u00e8re en terme de location et vente de maisons, riads, villas et appartement (meubl\u00e9s ou non meubl\u00e9s).<\/p>\n<p>L&#8217;agence d\u00e9veloppe aussi une offre de \u00abhome staging\u00bb qui permet \u00e0 ses clients de r\u00e9ussir les transactions de vente et location immobili\u00e8re.<\/p>\n<p>Les biens confi\u00e9s \u00e0 l&#8217;agence b\u00e9n\u00e9ficient d&#8217;une large visibilit\u00e9 gr\u00e2ce aux r\u00e9seaux sp\u00e9cialis\u00e9s partenaires de l&#8217;agence.<\/p>\n<blockquote><p>La fid\u00e9lit\u00e9 de nos clients et la confiance qu\u2019ils nous accordent sont la r\u00e9compense de cette implication depuis de longues ann\u00e9es. Fouzia Benaddi, g\u00e9rante.<\/p><\/blockquote>\n<p><\/p>","protected":false},"excerpt":{"rendered":"<p>Disculpa, pero esta entrada est\u00e1 disponible s\u00f3lo en Fran\u00e7ais y English.Agence immobili\u00e8re bas\u00e9e \u00e0 Tanger et op\u00e9rant dans les autres villes du Maroc (Casablanca, Marrakech) et \u00e0 l&#8217;\u00e9tranger (France, Espagne), Must Immo se distingue par la qualit\u00e9 de service, la transparence et le grand soin apport\u00e9 \u00e0 toute transaction. Elle offre du conseil en investissement<a href=\"https:\/\/must-immo.com\/es\/\" class=\"btn btn-secondary d-inline-flex align-items-center\"><svg class=\"bi\" width=\"20\" height=\"20\"><use xlink:href=\"#chevron-right\"><\/use><\/svg><span>Leer m\u00e1s<\/span><\/a><\/p>\n","protected":false},"author":1,"featured_media":0,"parent":0,"menu_order":0,"comment_status":"open","ping_status":"open","template":"page-templates\/page-home.php","meta":{"footnotes":""},"class_list":["post-441","page","type-page","status-publish","hentry"],"aioseo_notices":[],"_links":{"self":[{"href":"https:\/\/must-immo.com\/es\/wp-json\/wp\/v2\/pages\/441"}],"collection":[{"href":"https:\/\/must-immo.com\/es\/wp-json\/wp\/v2\/pages"}],"about":[{"href":"https:\/\/must-immo.com\/es\/wp-json\/wp\/v2\/types\/page"}],"author":[{"embeddable":true,"href":"https:\/\/must-immo.com\/es\/wp-json\/wp\/v2\/users\/1"}],"replies":[{"embeddable":true,"href":"https:\/\/must-immo.com\/es\/wp-json\/wp\/v2\/comments?post=441"}],"version-history":[{"count":15,"href":"https:\/\/must-immo.com\/es\/wp-json\/wp\/v2\/pages\/441\/revisions"}],"predecessor-version":[{"id":9042,"href":"https:\/\/must-immo.com\/es\/wp-json\/wp\/v2\/pages\/441\/revisions\/9042"}],"wp:attachment":[{"href":"https:\/\/must-immo.com\/es\/wp-json\/wp\/v2\/media?parent=441"}],"curies":[{"name":"wp","href":"https:\/\/api.w.org\/{rel}","templated":true}]}}