{"id":64,"date":"2014-01-31T21:38:39","date_gmt":"2014-01-31T20:38:39","guid":{"rendered":"http:\/\/www.must-immo.com\/?page_id=64"},"modified":"2019-01-16T11:25:10","modified_gmt":"2019-01-16T10:25:10","slug":"lagence","status":"publish","type":"page","link":"https:\/\/must-immo.com\/ar\/lagence\/","title":{"rendered":"L&#8217;AGENCE"},"content":{"rendered":"<div class=\"post-teaser clearfix\">\n<h1>L\u2019 AGENCE<\/h1>\n<h2>Appartements, Maisons et Biens immobiliers de qualit\u00e9<\/h2>\n<h3>Casablanca et grandes agglom\u00e9rations au Maroc<\/h3>\n<p style=\"text-align: justify;\">Le lancement de l\u2019agence Must IMMO Maroc \u00e9tait sans doute la suite logique d\u2019une expertise au Maroc suite \u00e0 une longue exp\u00e9rience Europ\u00e9en dans l\u2019immobilier. Je consid\u00e8re que c\u2019est aussi la d\u00e9monstration \u00e9vidente qu\u2019un agent immobilier apporte une valeur ajout\u00e9e \u00e0 ses clients.<\/p>\n<p style=\"text-align: justify;\">J\u2019ai lou\u00e9e et vendu principalement des biens haut de gamme, qui font le bonheur d\u2019une client\u00e8le tr\u00e8s vari\u00e9e : \u00e9trangers, expatri\u00e9s corporate, familles marocaines ou investisseurs.<br \/>\nMon exp\u00e9rience et ma tr\u00e8s grande connaissance des micro-march\u00e9s immobiliers Casablancais sont des atouts indispensables \u00e0 la qualit\u00e9 de nos interventions.<\/p>\n<p style=\"text-align: justify;\">Et je crois surtout \u00e0 deux valeurs cl\u00e9s qui font la diff\u00e9rence :<br \/>\n&#8211; La transparence, qui garantit des analyses objectives et impartiales,<br \/>\n&#8211; Le soin permanent apport\u00e9 \u00e0 toute transaction, quel que soit le prix du bien.<\/p>\n<p style=\"text-align: justify;\">La satisfaction des attentes, probl\u00e9matiques et besoins de mes clients est plus importante que l\u2019obtention d\u2019un mandat ou le chiffre d\u2019affaires r\u00e9alis\u00e9. Cette mani\u00e8re d\u2019envisager le r\u00f4le de conseil et d\u2019agent immobilier est une \u00e9vidence. Mais elle est aussi un vecteur d\u2019efficacit\u00e9 et donc de r\u00e9sultats.<\/p>\n<p style=\"text-align: justify;\">La fid\u00e9lit\u00e9 de nos clients et la confiance qu\u2019ils nous accordent sont la r\u00e9compense de cette implication depuis de longues ann\u00e9es.<\/p>\n<p style=\"text-align: justify;\">Constance, int\u00e9grit\u00e9 et efficacit\u00e9. La formule fait ses preuves.<\/p>\n<p style=\"text-align: justify;\">Madame BENADDI<\/p>\n<p style=\"text-align: justify;\"><strong>Contact : +212 (0)601 600 994<\/strong><\/p>\n<p style=\"text-align: justify;\"><strong>\u00a0<\/strong><\/p>\n<p style=\"text-align: right;\"><em><strong>Vous souhaitez nous confier votre bien\u00a0?<\/strong>\u00a0\u00a0\u00a0<\/em> <a class=\"moretag btn btn-primary\" href=\"https:\/\/must-immo.com\/contacts\/\">Cliquez ici<\/a><\/p>\n<\/div>\n<blockquote>\n<p style=\"text-align: justify;\"><strong>Mentions L\u00e9gales :<\/strong><br \/>\nMust Immobilier International \u2013 SARL au capital de 100 000,00 MAD<\/p>\n<p style=\"text-align: justify;\">RC \/ 238207 \u00a0IF\/ 40398054<br \/>\nGarantie financi\u00e8re :<br \/>\n<em>Notre agence ne d\u00e9tient aucun fonds pour le compte de ses clients.<\/em><\/p>\n<\/blockquote>\n","protected":false},"excerpt":{"rendered":"<p>L\u2019 AGENCE Appartements, Maisons et Biens immobiliers de qualit\u00e9 Casablanca et grandes agglom\u00e9rations au Maroc Le lancement de l\u2019agence Must IMMO Maroc \u00e9tait sans doute la suite logique d\u2019une expertise au Maroc suite \u00e0 une longue exp\u00e9rience Europ\u00e9en dans l\u2019immobilier. Je consid\u00e8re que c\u2019est aussi la d\u00e9monstration \u00e9vidente qu\u2019un agent immobilier apporte une valeur ajout\u00e9e<a href=\"https:\/\/must-immo.com\/ar\/lagence\/\" class=\"btn btn-secondary d-inline-flex align-items-center\"><svg class=\"bi\" width=\"20\" height=\"20\"><use xlink:href=\"#chevron-right\"><\/use><\/svg><span>\u0627\u0642\u0631\u0623 \u0623\u0643\u062b\u0631<\/span><\/a><\/p>\n","protected":false},"author":1,"featured_media":0,"parent":0,"menu_order":0,"comment_status":"open","ping_status":"closed","template":"","meta":{"footnotes":""},"class_list":["post-64","page","type-page","status-publish","hentry"],"aioseo_notices":[],"_links":{"self":[{"href":"https:\/\/must-immo.com\/ar\/wp-json\/wp\/v2\/pages\/64"}],"collection":[{"href":"https:\/\/must-immo.com\/ar\/wp-json\/wp\/v2\/pages"}],"about":[{"href":"https:\/\/must-immo.com\/ar\/wp-json\/wp\/v2\/types\/page"}],"author":[{"embeddable":true,"href":"https:\/\/must-immo.com\/ar\/wp-json\/wp\/v2\/users\/1"}],"replies":[{"embeddable":true,"href":"https:\/\/must-immo.com\/ar\/wp-json\/wp\/v2\/comments?post=64"}],"version-history":[{"count":41,"href":"https:\/\/must-immo.com\/ar\/wp-json\/wp\/v2\/pages\/64\/revisions"}],"predecessor-version":[{"id":8354,"href":"https:\/\/must-immo.com\/ar\/wp-json\/wp\/v2\/pages\/64\/revisions\/8354"}],"wp:attachment":[{"href":"https:\/\/must-immo.com\/ar\/wp-json\/wp\/v2\/media?parent=64"}],"curies":[{"name":"wp","href":"https:\/\/api.w.org\/{rel}","templated":true}]}}