{"id":16,"date":"2017-07-03T01:06:10","date_gmt":"2017-07-03T00:06:10","guid":{"rendered":"http:\/\/www.must-immo.com\/?page_id=16"},"modified":"2024-10-09T19:07:56","modified_gmt":"2024-10-09T18:07:56","slug":"contacts","status":"publish","type":"page","link":"https:\/\/must-immo.com\/ar\/contacts\/","title":{"rendered":"CONTACTEZ-NOUS PAR EMAIL"},"content":{"rendered":"<p class=\"qtranxs-available-languages-message qtranxs-available-languages-message-ar\">\u0639\u0641\u0648\u0627\u060c \u0647\u0630\u0647 \u0627\u0644\u0645\u062f\u062e\u0644\u0629 \u0645\u0648\u062c\u0648\u062f\u0629 \u0641\u0642\u0637 \u0641\u064a <a href=\"https:\/\/must-immo.com\/fr\/wp-json\/wp\/v2\/pages\/16\" class=\"qtranxs-available-language-link qtranxs-available-language-link-fr\" title=\"Fran\u00e7ais\">Fran\u00e7ais<\/a>.<\/p><p>Remplissez le formulaire ci-joint en pr\u00e9cisant votre demande. Nous vous contacterons dans les d\u00e9lais les plus brefs possibles.<br \/>\n<p><a aria-label=\"Chat on WhatsApp\" href=\"https:\/\/wa.me\/+212601600994?text=Merci+de+me+communiquer+plus+d%27informations+sur+ce+bien+%3A+%0ahttps%3A%2F%2Fmust-immo.com%2Far%2Fwp-json%2Fwp%2Fv2%2Fpages%2F16\"><img decoding=\"async\" alt=\"Chat on WhatsApp\"  src=\"https:\/\/must-immo.com\/wp-content\/themes\/must-immo\/img\/WhatsAppButtonGreenMedium.svg\" \/><\/a><\/p><\/p>","protected":false},"excerpt":{"rendered":"<p>\u0639\u0641\u0648\u0627\u060c \u0647\u0630\u0647 \u0627\u0644\u0645\u062f\u062e\u0644\u0629 \u0645\u0648\u062c\u0648\u062f\u0629 \u0641\u0642\u0637 \u0641\u064a Fran\u00e7ais.Remplissez le formulaire ci-joint en pr\u00e9cisant votre demande. Nous vous contacterons dans les d\u00e9lais les plus brefs possibles.<\/p>\n","protected":false},"author":1,"featured_media":8892,"parent":0,"menu_order":0,"comment_status":"open","ping_status":"open","template":"page-templates\/page-contact.php","meta":{"footnotes":""},"class_list":["post-16","page","type-page","status-publish","has-post-thumbnail","hentry"],"aioseo_notices":[],"_links":{"self":[{"href":"https:\/\/must-immo.com\/ar\/wp-json\/wp\/v2\/pages\/16"}],"collection":[{"href":"https:\/\/must-immo.com\/ar\/wp-json\/wp\/v2\/pages"}],"about":[{"href":"https:\/\/must-immo.com\/ar\/wp-json\/wp\/v2\/types\/page"}],"author":[{"embeddable":true,"href":"https:\/\/must-immo.com\/ar\/wp-json\/wp\/v2\/users\/1"}],"replies":[{"embeddable":true,"href":"https:\/\/must-immo.com\/ar\/wp-json\/wp\/v2\/comments?post=16"}],"version-history":[{"count":7,"href":"https:\/\/must-immo.com\/ar\/wp-json\/wp\/v2\/pages\/16\/revisions"}],"predecessor-version":[{"id":23789,"href":"https:\/\/must-immo.com\/ar\/wp-json\/wp\/v2\/pages\/16\/revisions\/23789"}],"wp:featuredmedia":[{"embeddable":true,"href":"https:\/\/must-immo.com\/ar\/wp-json\/wp\/v2\/media\/8892"}],"wp:attachment":[{"href":"https:\/\/must-immo.com\/ar\/wp-json\/wp\/v2\/media?parent=16"}],"curies":[{"name":"wp","href":"https:\/\/api.w.org\/{rel}","templated":true}]}}